{"id":2,"date":"2025-01-23T09:25:42","date_gmt":"2025-01-23T08:25:42","guid":{"rendered":"http:\/\/julien-ouguergouz.fr\/?page_id=2"},"modified":"2025-01-23T10:53:45","modified_gmt":"2025-01-23T09:53:45","slug":"page-d-exemple","status":"publish","type":"page","link":"https:\/\/julien-ouguergouz.fr\/","title":{"rendered":"Accueil"},"content":{"rendered":"\n<p>Julien Ouguergouz, historien de formation et dipl\u00f4m\u00e9 de l&#8217;\u00e9cole documentaire de Lussas, est un documentariste dont le travail est profond\u00e9ment ancr\u00e9 dans le monde des archives cin\u00e9matographiques. Pour lui, les images d&#8217;archives sont comme des nuages, des toiles sur lesquelles il recherche constamment de nouvelles formes. Il les tord, les associe, les d\u00e9monte pour cr\u00e9er de nouvelles narrations, brouillant ainsi les fronti\u00e8res entre fiction et documentaire.<\/p>\n\n\n\n<p>En 2012, apr\u00e8s avoir r\u00e9alis\u00e9 plusieurs films mus\u00e9ographiques, Julien a marqu\u00e9 ses d\u00e9buts en tant que documentariste avec &#8220;M\u00e9moires d&#8217;octobre&#8221;, un portrait m\u00e9moriel du chef de maquis Th\u00e9o Vial-Massat. Cette \u0153uvre initiale a pos\u00e9 les bases de son engagement \u00e0 raconter l&#8217;histoire de ceux qui s&#8217;exposent, que ce soit dans le pass\u00e9 ou le pr\u00e9sent. Militants, responsables politiques, r\u00e9sistants \u2013 tous trouvent leur place dans le r\u00e9cit engag\u00e9 de Julien.<\/p>\n\n\n\n<p>En 2015, il explore de nouveaux horizons avec le court m\u00e9trage exp\u00e9rimental &#8220;Europa City&#8221;, une dystopie enti\u00e8rement racont\u00e9e \u00e0 partir de found footage glan\u00e9s sur internet, sous licence Creative Commons. Cette approche audacieuse d\u00e9montre sa capacit\u00e9 \u00e0 innover et \u00e0 repousser les limites du m\u00e9dium documentaire.<\/p>\n\n\n\n<p>En 2017, Julien r\u00e9alise &#8220;Cannes 1939: le festival n&#8217;aura pas lieu&#8221; pour France T\u00e9l\u00e9visions. Ce projet retrace la naissance p\u00e9rilleuse du festival de Cannes \u00e0 l&#8217;aube de la Seconde Guerre mondiale, et il est distingu\u00e9 par de nombreuses s\u00e9lections en festivals ainsi que par la presse sp\u00e9cialis\u00e9e.<\/p>\n\n\n\n<p>En 2020, en pleine p\u00e9riode de confinement, Julien entreprend un nouveau projet documentaire captivant intitul\u00e9 &#8220;Madame le maire&#8221;. Ce film \u00e0 l&#8217;esth\u00e9tique de polar politique nocturne suit le parcours d&#8217;Anne-Sophie Putot, une jeune m\u00e8re de famille c\u00e9libataire candidate \u00e0 la mairie de Firminy, une ville ouvri\u00e8re du bassin minier de la Loire. Le film explore les combats et les dilemmes de cette candidate engag\u00e9e.<\/p>\n\n\n\n<p>En parall\u00e8le \u00e0 sa carri\u00e8re de cin\u00e9aste, depuis 2020, Julien enseigne l&#8217;histoire et le cin\u00e9ma en lyc\u00e9e. Il continue de d\u00e9velopper ses projets documentaires, et son dernier travail porte sur l&#8217;histoire du cin\u00e9ma dans sa ville natale, Saint-\u00c9tienne.<\/p>\n\n\n\n<p>Julien Ouguergouz est un cin\u00e9aste qui transcende les fronti\u00e8res du documentaire pour cr\u00e9er des r\u00e9cits puissants et engageants, tout en partageant sa passion et son savoir avec les g\u00e9n\u00e9rations futures gr\u00e2ce \u00e0 son enseignement. Son travail refl\u00e8te un engagement profond envers l&#8217;histoire, la politique et la narration \u00e0 travers le cin\u00e9ma.<\/p>\n","protected":false},"excerpt":{"rendered":"<p>Julien Ouguergouz, historien de formation et dipl\u00f4m\u00e9 de l&#8217;\u00e9cole documentaire de Lussas, est un documentariste dont le travail est profond\u00e9ment ancr\u00e9 dans le monde des archives cin\u00e9matographiques. Pour lui, les images d&#8217;archives sont comme des nuages, des toiles sur lesquelles il recherche constamment de nouvelles formes. Il les tord, les associe, les d\u00e9monte pour cr\u00e9er [&hellip;]<\/p>\n","protected":false},"author":1,"featured_media":0,"parent":0,"menu_order":0,"comment_status":"closed","ping_status":"open","template":"","meta":{"footnotes":""},"class_list":["post-2","page","type-page","status-publish","czr-hentry"],"_links":{"self":[{"href":"https:\/\/julien-ouguergouz.fr\/index.php\/wp-json\/wp\/v2\/pages\/2","targetHints":{"allow":["GET"]}}],"collection":[{"href":"https:\/\/julien-ouguergouz.fr\/index.php\/wp-json\/wp\/v2\/pages"}],"about":[{"href":"https:\/\/julien-ouguergouz.fr\/index.php\/wp-json\/wp\/v2\/types\/page"}],"author":[{"embeddable":true,"href":"https:\/\/julien-ouguergouz.fr\/index.php\/wp-json\/wp\/v2\/users\/1"}],"replies":[{"embeddable":true,"href":"https:\/\/julien-ouguergouz.fr\/index.php\/wp-json\/wp\/v2\/comments?post=2"}],"version-history":[{"count":1,"href":"https:\/\/julien-ouguergouz.fr\/index.php\/wp-json\/wp\/v2\/pages\/2\/revisions"}],"predecessor-version":[{"id":7,"href":"https:\/\/julien-ouguergouz.fr\/index.php\/wp-json\/wp\/v2\/pages\/2\/revisions\/7"}],"wp:attachment":[{"href":"https:\/\/julien-ouguergouz.fr\/index.php\/wp-json\/wp\/v2\/media?parent=2"}],"curies":[{"name":"wp","href":"https:\/\/api.w.org\/{rel}","templated":true}]}}